{"id":4354,"date":"2022-07-12T10:46:20","date_gmt":"2022-07-12T14:46:20","guid":{"rendered":"https:\/\/centreabilio.ca\/achat-de-materiel\/guide-danimation-la-resolution-des-problemes-a-la-maison-fluppy\/"},"modified":"2024-06-30T22:00:34","modified_gmt":"2024-07-01T02:00:34","slug":"guide-danimation-la-resolution-des-problemes-a-la-maison-fluppy","status":"publish","type":"product","link":"https:\/\/centreabilio.ca\/en\/abilio-products\/guide-danimation-la-resolution-des-problemes-a-la-maison-fluppy\/","title":{"rendered":"Home Problem Solving animation guide &#8211; Fluppy &#8211; French only"},"content":{"rendered":"<p><span style=\"font-weight: 400;\">La <em>R\u00e9solution des probl\u00e8mes \u00e0 la maison<\/em> (Problem-solving at home) is a reference guide for facilitating the family intervention component of the <em>Family intervention Fluppy<\/em> program. Intended for psychosocial practitioners working with the program, it contains all the elements needed to implement the program. <\/span><span style=\"font-weight: 400;\"><br \/>\n<\/span><span style=\"font-weight: 400;\"><br \/>\n<\/span><span style=\"font-weight: 400;\">This guide cannot be reproduced.<\/span><\/p>\n<p><b><span style=\"font-weight: 400;\">The <em>Family intervention<\/em> training course is mandatory to obtain this material.<\/span><\/b><\/p>\n","protected":false},"excerpt":{"rendered":"<p>La R\u00e9solution des probl\u00e8mes \u00e0 la maison (Problem-solving at home) is a reference guide for facilitating the family intervention component of the Family intervention Fluppy program. Intended for psychosocial practitioners working with the program, it contains all the elements needed to implement the program. This guide cannot be reproduced. The Family intervention training course is [&hellip;]<\/p>\n","protected":false},"featured_media":3179,"template":"","meta":{"_acf_changed":false},"product_brand":[],"product_cat":[64],"product_tag":[],"class_list":{"0":"post-4354","1":"product","2":"type-product","3":"status-publish","4":"has-post-thumbnail","6":"product_cat-fluppy-en","8":"first","9":"instock","10":"taxable","11":"shipping-taxable","12":"purchasable","13":"product-type-simple"},"acf":[],"yoast_head":"<!-- This site is optimized with the Yoast SEO plugin v27.5 - https:\/\/yoast.com\/product\/yoast-seo-wordpress\/ -->\n<title>Home Problem Solving animation guide - Fluppy - French only - Abilio<\/title>\n<meta name=\"robots\" content=\"index, follow, max-snippet:-1, max-image-preview:large, max-video-preview:-1\" \/>\n<link rel=\"canonical\" href=\"https:\/\/centreabilio.ca\/en\/abilio-products\/guide-danimation-la-resolution-des-problemes-a-la-maison-fluppy\/\" \/>\n<meta property=\"og:locale\" content=\"en_US\" \/>\n<meta property=\"og:type\" content=\"article\" \/>\n<meta property=\"og:title\" content=\"Home Problem Solving animation guide - Fluppy - French only - Abilio\" \/>\n<meta property=\"og:description\" content=\"La R\u00e9solution des probl\u00e8mes \u00e0 la maison (Problem-solving at home) is a reference guide for facilitating the family intervention component of the Family intervention Fluppy program. Intended for psychosocial practitioners working with the program, it contains all the elements needed to implement the program. This guide cannot be reproduced. The Family intervention training course is [&hellip;]\" \/>\n<meta property=\"og:url\" content=\"https:\/\/centreabilio.ca\/en\/abilio-products\/guide-danimation-la-resolution-des-problemes-a-la-maison-fluppy\/\" \/>\n<meta property=\"og:site_name\" content=\"Abilio\" \/>\n<meta property=\"article:modified_time\" content=\"2024-07-01T02:00:34+00:00\" \/>\n<meta property=\"og:image\" content=\"https:\/\/centreabilio.ca\/wp-content\/uploads\/2022\/07\/guide-resolution-problemes-maison.png\" \/>\n\t<meta property=\"og:image:width\" content=\"300\" \/>\n\t<meta property=\"og:image:height\" content=\"300\" \/>\n\t<meta property=\"og:image:type\" content=\"image\/png\" \/>\n<meta name=\"twitter:card\" content=\"summary_large_image\" \/>\n<meta name=\"twitter:label1\" content=\"Est. reading time\" \/>\n\t<meta name=\"twitter:data1\" content=\"1 minute\" \/>\n<script type=\"application\/ld+json\" class=\"yoast-schema-graph\">{\"@context\":\"https:\\\/\\\/schema.org\",\"@graph\":[{\"@type\":\"WebPage\",\"@id\":\"https:\\\/\\\/centreabilio.ca\\\/en\\\/abilio-products\\\/guide-danimation-la-resolution-des-problemes-a-la-maison-fluppy\\\/\",\"url\":\"https:\\\/\\\/centreabilio.ca\\\/en\\\/abilio-products\\\/guide-danimation-la-resolution-des-problemes-a-la-maison-fluppy\\\/\",\"name\":\"Home Problem Solving animation guide - Fluppy - French only - Abilio\",\"isPartOf\":{\"@id\":\"https:\\\/\\\/centreabilio.ca\\\/en\\\/#website\"},\"primaryImageOfPage\":{\"@id\":\"https:\\\/\\\/centreabilio.ca\\\/en\\\/abilio-products\\\/guide-danimation-la-resolution-des-problemes-a-la-maison-fluppy\\\/#primaryimage\"},\"image\":{\"@id\":\"https:\\\/\\\/centreabilio.ca\\\/en\\\/abilio-products\\\/guide-danimation-la-resolution-des-problemes-a-la-maison-fluppy\\\/#primaryimage\"},\"thumbnailUrl\":\"https:\\\/\\\/centreabilio.ca\\\/wp-content\\\/uploads\\\/2022\\\/07\\\/guide-resolution-problemes-maison.png\",\"datePublished\":\"2022-07-12T14:46:20+00:00\",\"dateModified\":\"2024-07-01T02:00:34+00:00\",\"breadcrumb\":{\"@id\":\"https:\\\/\\\/centreabilio.ca\\\/en\\\/abilio-products\\\/guide-danimation-la-resolution-des-problemes-a-la-maison-fluppy\\\/#breadcrumb\"},\"inLanguage\":\"en-US\",\"potentialAction\":[{\"@type\":\"ReadAction\",\"target\":[\"https:\\\/\\\/centreabilio.ca\\\/en\\\/abilio-products\\\/guide-danimation-la-resolution-des-problemes-a-la-maison-fluppy\\\/\"]}]},{\"@type\":\"ImageObject\",\"inLanguage\":\"en-US\",\"@id\":\"https:\\\/\\\/centreabilio.ca\\\/en\\\/abilio-products\\\/guide-danimation-la-resolution-des-problemes-a-la-maison-fluppy\\\/#primaryimage\",\"url\":\"https:\\\/\\\/centreabilio.ca\\\/wp-content\\\/uploads\\\/2022\\\/07\\\/guide-resolution-problemes-maison.png\",\"contentUrl\":\"https:\\\/\\\/centreabilio.ca\\\/wp-content\\\/uploads\\\/2022\\\/07\\\/guide-resolution-problemes-maison.png\",\"width\":300,\"height\":300},{\"@type\":\"BreadcrumbList\",\"@id\":\"https:\\\/\\\/centreabilio.ca\\\/en\\\/abilio-products\\\/guide-danimation-la-resolution-des-problemes-a-la-maison-fluppy\\\/#breadcrumb\",\"itemListElement\":[{\"@type\":\"ListItem\",\"position\":1,\"name\":\"Accueil\",\"item\":\"https:\\\/\\\/centreabilio.ca\\\/en\\\/\"},{\"@type\":\"ListItem\",\"position\":2,\"name\":\"Abilio products\",\"item\":\"https:\\\/\\\/centreabilio.ca\\\/en\\\/abilio-products\\\/\"},{\"@type\":\"ListItem\",\"position\":3,\"name\":\"Home Problem Solving animation guide &#8211; Fluppy &#8211; French only\"}]},{\"@type\":\"WebSite\",\"@id\":\"https:\\\/\\\/centreabilio.ca\\\/en\\\/#website\",\"url\":\"https:\\\/\\\/centreabilio.ca\\\/en\\\/\",\"name\":\"Abilio\",\"description\":\"Childhood Knowledge Dissemination Centre\",\"publisher\":{\"@id\":\"https:\\\/\\\/centreabilio.ca\\\/en\\\/#organization\"},\"potentialAction\":[{\"@type\":\"SearchAction\",\"target\":{\"@type\":\"EntryPoint\",\"urlTemplate\":\"https:\\\/\\\/centreabilio.ca\\\/en\\\/?s={search_term_string}\"},\"query-input\":{\"@type\":\"PropertyValueSpecification\",\"valueRequired\":true,\"valueName\":\"search_term_string\"}}],\"inLanguage\":\"en-US\"},{\"@type\":\"Organization\",\"@id\":\"https:\\\/\\\/centreabilio.ca\\\/en\\\/#organization\",\"name\":\"Abilio\",\"url\":\"https:\\\/\\\/centreabilio.ca\\\/en\\\/\",\"logo\":{\"@type\":\"ImageObject\",\"inLanguage\":\"en-US\",\"@id\":\"https:\\\/\\\/centreabilio.ca\\\/en\\\/#\\\/schema\\\/logo\\\/image\\\/\",\"url\":\"https:\\\/\\\/centreabilio.ca\\\/wp-content\\\/uploads\\\/2024\\\/02\\\/cropped-ABILIO_02_horizontal_RGB.png\",\"contentUrl\":\"https:\\\/\\\/centreabilio.ca\\\/wp-content\\\/uploads\\\/2024\\\/02\\\/cropped-ABILIO_02_horizontal_RGB.png\",\"width\":1981,\"height\":540,\"caption\":\"Abilio\"},\"image\":{\"@id\":\"https:\\\/\\\/centreabilio.ca\\\/en\\\/#\\\/schema\\\/logo\\\/image\\\/\"}}]}<\/script>\n<!-- \/ Yoast SEO plugin. -->","yoast_head_json":{"title":"Home Problem Solving animation guide - Fluppy - French only - Abilio","robots":{"index":"index","follow":"follow","max-snippet":"max-snippet:-1","max-image-preview":"max-image-preview:large","max-video-preview":"max-video-preview:-1"},"canonical":"https:\/\/centreabilio.ca\/en\/abilio-products\/guide-danimation-la-resolution-des-problemes-a-la-maison-fluppy\/","og_locale":"en_US","og_type":"article","og_title":"Home Problem Solving animation guide - Fluppy - French only - Abilio","og_description":"La R\u00e9solution des probl\u00e8mes \u00e0 la maison (Problem-solving at home) is a reference guide for facilitating the family intervention component of the Family intervention Fluppy program. Intended for psychosocial practitioners working with the program, it contains all the elements needed to implement the program. This guide cannot be reproduced. The Family intervention training course is [&hellip;]","og_url":"https:\/\/centreabilio.ca\/en\/abilio-products\/guide-danimation-la-resolution-des-problemes-a-la-maison-fluppy\/","og_site_name":"Abilio","article_modified_time":"2024-07-01T02:00:34+00:00","og_image":[{"width":300,"height":300,"url":"https:\/\/centreabilio.ca\/wp-content\/uploads\/2022\/07\/guide-resolution-problemes-maison.png","type":"image\/png"}],"twitter_card":"summary_large_image","twitter_misc":{"Est. reading time":"1 minute"},"schema":{"@context":"https:\/\/schema.org","@graph":[{"@type":"WebPage","@id":"https:\/\/centreabilio.ca\/en\/abilio-products\/guide-danimation-la-resolution-des-problemes-a-la-maison-fluppy\/","url":"https:\/\/centreabilio.ca\/en\/abilio-products\/guide-danimation-la-resolution-des-problemes-a-la-maison-fluppy\/","name":"Home Problem Solving animation guide - Fluppy - French only - Abilio","isPartOf":{"@id":"https:\/\/centreabilio.ca\/en\/#website"},"primaryImageOfPage":{"@id":"https:\/\/centreabilio.ca\/en\/abilio-products\/guide-danimation-la-resolution-des-problemes-a-la-maison-fluppy\/#primaryimage"},"image":{"@id":"https:\/\/centreabilio.ca\/en\/abilio-products\/guide-danimation-la-resolution-des-problemes-a-la-maison-fluppy\/#primaryimage"},"thumbnailUrl":"https:\/\/centreabilio.ca\/wp-content\/uploads\/2022\/07\/guide-resolution-problemes-maison.png","datePublished":"2022-07-12T14:46:20+00:00","dateModified":"2024-07-01T02:00:34+00:00","breadcrumb":{"@id":"https:\/\/centreabilio.ca\/en\/abilio-products\/guide-danimation-la-resolution-des-problemes-a-la-maison-fluppy\/#breadcrumb"},"inLanguage":"en-US","potentialAction":[{"@type":"ReadAction","target":["https:\/\/centreabilio.ca\/en\/abilio-products\/guide-danimation-la-resolution-des-problemes-a-la-maison-fluppy\/"]}]},{"@type":"ImageObject","inLanguage":"en-US","@id":"https:\/\/centreabilio.ca\/en\/abilio-products\/guide-danimation-la-resolution-des-problemes-a-la-maison-fluppy\/#primaryimage","url":"https:\/\/centreabilio.ca\/wp-content\/uploads\/2022\/07\/guide-resolution-problemes-maison.png","contentUrl":"https:\/\/centreabilio.ca\/wp-content\/uploads\/2022\/07\/guide-resolution-problemes-maison.png","width":300,"height":300},{"@type":"BreadcrumbList","@id":"https:\/\/centreabilio.ca\/en\/abilio-products\/guide-danimation-la-resolution-des-problemes-a-la-maison-fluppy\/#breadcrumb","itemListElement":[{"@type":"ListItem","position":1,"name":"Accueil","item":"https:\/\/centreabilio.ca\/en\/"},{"@type":"ListItem","position":2,"name":"Abilio products","item":"https:\/\/centreabilio.ca\/en\/abilio-products\/"},{"@type":"ListItem","position":3,"name":"Home Problem Solving animation guide &#8211; Fluppy &#8211; French only"}]},{"@type":"WebSite","@id":"https:\/\/centreabilio.ca\/en\/#website","url":"https:\/\/centreabilio.ca\/en\/","name":"Abilio","description":"Childhood Knowledge Dissemination Centre","publisher":{"@id":"https:\/\/centreabilio.ca\/en\/#organization"},"potentialAction":[{"@type":"SearchAction","target":{"@type":"EntryPoint","urlTemplate":"https:\/\/centreabilio.ca\/en\/?s={search_term_string}"},"query-input":{"@type":"PropertyValueSpecification","valueRequired":true,"valueName":"search_term_string"}}],"inLanguage":"en-US"},{"@type":"Organization","@id":"https:\/\/centreabilio.ca\/en\/#organization","name":"Abilio","url":"https:\/\/centreabilio.ca\/en\/","logo":{"@type":"ImageObject","inLanguage":"en-US","@id":"https:\/\/centreabilio.ca\/en\/#\/schema\/logo\/image\/","url":"https:\/\/centreabilio.ca\/wp-content\/uploads\/2024\/02\/cropped-ABILIO_02_horizontal_RGB.png","contentUrl":"https:\/\/centreabilio.ca\/wp-content\/uploads\/2024\/02\/cropped-ABILIO_02_horizontal_RGB.png","width":1981,"height":540,"caption":"Abilio"},"image":{"@id":"https:\/\/centreabilio.ca\/en\/#\/schema\/logo\/image\/"}}]}},"_links":{"self":[{"href":"https:\/\/centreabilio.ca\/en\/wp-json\/wp\/v2\/product\/4354","targetHints":{"allow":["GET"]}}],"collection":[{"href":"https:\/\/centreabilio.ca\/en\/wp-json\/wp\/v2\/product"}],"about":[{"href":"https:\/\/centreabilio.ca\/en\/wp-json\/wp\/v2\/types\/product"}],"wp:featuredmedia":[{"embeddable":true,"href":"https:\/\/centreabilio.ca\/en\/wp-json\/wp\/v2\/media\/3179"}],"wp:attachment":[{"href":"https:\/\/centreabilio.ca\/en\/wp-json\/wp\/v2\/media?parent=4354"}],"wp:term":[{"taxonomy":"product_brand","embeddable":true,"href":"https:\/\/centreabilio.ca\/en\/wp-json\/wp\/v2\/product_brand?post=4354"},{"taxonomy":"product_cat","embeddable":true,"href":"https:\/\/centreabilio.ca\/en\/wp-json\/wp\/v2\/product_cat?post=4354"},{"taxonomy":"product_tag","embeddable":true,"href":"https:\/\/centreabilio.ca\/en\/wp-json\/wp\/v2\/product_tag?post=4354"}],"curies":[{"name":"wp","href":"https:\/\/api.w.org\/{rel}","templated":true}]}}