{"id":4356,"date":"2022-07-12T10:30:20","date_gmt":"2022-07-12T14:30:20","guid":{"rendered":"https:\/\/centreabilio.ca\/achat-de-materiel\/pochette-danimation-du-volet-familial-fluppy\/"},"modified":"2024-06-30T22:05:10","modified_gmt":"2024-07-01T02:05:10","slug":"pochette-danimation-du-volet-familial-fluppy","status":"publish","type":"product","link":"https:\/\/centreabilio.ca\/en\/abilio-products\/pochette-danimation-du-volet-familial-fluppy\/","title":{"rendered":"Family intervention kit &#8211; Fluppy &#8211; French only"},"content":{"rendered":"<p><span style=\"font-weight: 400;\">The <em>Fluppy Family Intervention<\/em> kit consists of the Preschool Family Intervention Program Application Guide, the Friends component of the program, as well as complementary materials to photocopy and manipulate. Intended for psychosocial counsellors working with the <em>Fluppy<\/em> program, this folder can be combined with the animation guide <em>La R\u00e9solution des probl\u00e8mes \u00e0 la maison. <\/em><\/span><em><span style=\"font-weight: 400;\"><br \/>\n<\/span><\/em><span style=\"font-weight: 400;\"><br \/>\n<\/span><span style=\"font-weight: 400;\"> This kit is non-reproducible.<\/span><\/p>\n<h3><span style=\"font-weight: 400;\">The<em> Family Intervention<\/em> training course is mandatory to obtain this material.<\/span><\/h3>\n","protected":false},"excerpt":{"rendered":"<p>The Fluppy Family Intervention kit consists of the Preschool Family Intervention Program Application Guide, the Friends component of the program, as well as complementary materials to photocopy and manipulate. Intended for psychosocial counsellors working with the Fluppy program, this folder can be combined with the animation guide La R\u00e9solution des probl\u00e8mes \u00e0 la maison. This [&hellip;]<\/p>\n","protected":false},"featured_media":3201,"template":"","meta":{"_acf_changed":false},"product_brand":[],"product_cat":[64],"product_tag":[],"class_list":{"0":"post-4356","1":"product","2":"type-product","3":"status-publish","4":"has-post-thumbnail","6":"product_cat-fluppy-en","8":"first","9":"instock","10":"taxable","11":"shipping-taxable","12":"purchasable","13":"product-type-simple"},"acf":[],"yoast_head":"<!-- This site is optimized with the Yoast SEO plugin v27.4 - https:\/\/yoast.com\/product\/yoast-seo-wordpress\/ -->\n<title>Family intervention kit - Fluppy - French only - Abilio<\/title>\n<meta name=\"robots\" content=\"index, follow, max-snippet:-1, max-image-preview:large, max-video-preview:-1\" \/>\n<link rel=\"canonical\" href=\"https:\/\/centreabilio.ca\/en\/abilio-products\/pochette-danimation-du-volet-familial-fluppy\/\" \/>\n<meta property=\"og:locale\" content=\"en_US\" \/>\n<meta property=\"og:type\" content=\"article\" \/>\n<meta property=\"og:title\" content=\"Family intervention kit - Fluppy - French only - Abilio\" \/>\n<meta property=\"og:description\" content=\"The Fluppy Family Intervention kit consists of the Preschool Family Intervention Program Application Guide, the Friends component of the program, as well as complementary materials to photocopy and manipulate. Intended for psychosocial counsellors working with the Fluppy program, this folder can be combined with the animation guide La R\u00e9solution des probl\u00e8mes \u00e0 la maison. This [&hellip;]\" \/>\n<meta property=\"og:url\" content=\"https:\/\/centreabilio.ca\/en\/abilio-products\/pochette-danimation-du-volet-familial-fluppy\/\" \/>\n<meta property=\"og:site_name\" content=\"Abilio\" \/>\n<meta property=\"article:modified_time\" content=\"2024-07-01T02:05:10+00:00\" \/>\n<meta property=\"og:image\" content=\"https:\/\/centreabilio.ca\/wp-content\/uploads\/2022\/07\/pochette-animation-volet-famille.png\" \/>\n\t<meta property=\"og:image:width\" content=\"300\" \/>\n\t<meta property=\"og:image:height\" content=\"300\" \/>\n\t<meta property=\"og:image:type\" content=\"image\/png\" \/>\n<meta name=\"twitter:card\" content=\"summary_large_image\" \/>\n<meta name=\"twitter:label1\" content=\"Est. reading time\" \/>\n\t<meta name=\"twitter:data1\" content=\"1 minute\" \/>\n<script type=\"application\/ld+json\" class=\"yoast-schema-graph\">{\"@context\":\"https:\\\/\\\/schema.org\",\"@graph\":[{\"@type\":\"WebPage\",\"@id\":\"https:\\\/\\\/centreabilio.ca\\\/en\\\/abilio-products\\\/pochette-danimation-du-volet-familial-fluppy\\\/\",\"url\":\"https:\\\/\\\/centreabilio.ca\\\/en\\\/abilio-products\\\/pochette-danimation-du-volet-familial-fluppy\\\/\",\"name\":\"Family intervention kit - Fluppy - French only - Abilio\",\"isPartOf\":{\"@id\":\"https:\\\/\\\/centreabilio.ca\\\/en\\\/#website\"},\"primaryImageOfPage\":{\"@id\":\"https:\\\/\\\/centreabilio.ca\\\/en\\\/abilio-products\\\/pochette-danimation-du-volet-familial-fluppy\\\/#primaryimage\"},\"image\":{\"@id\":\"https:\\\/\\\/centreabilio.ca\\\/en\\\/abilio-products\\\/pochette-danimation-du-volet-familial-fluppy\\\/#primaryimage\"},\"thumbnailUrl\":\"https:\\\/\\\/centreabilio.ca\\\/wp-content\\\/uploads\\\/2022\\\/07\\\/pochette-animation-volet-famille.png\",\"datePublished\":\"2022-07-12T14:30:20+00:00\",\"dateModified\":\"2024-07-01T02:05:10+00:00\",\"breadcrumb\":{\"@id\":\"https:\\\/\\\/centreabilio.ca\\\/en\\\/abilio-products\\\/pochette-danimation-du-volet-familial-fluppy\\\/#breadcrumb\"},\"inLanguage\":\"en-US\",\"potentialAction\":[{\"@type\":\"ReadAction\",\"target\":[\"https:\\\/\\\/centreabilio.ca\\\/en\\\/abilio-products\\\/pochette-danimation-du-volet-familial-fluppy\\\/\"]}]},{\"@type\":\"ImageObject\",\"inLanguage\":\"en-US\",\"@id\":\"https:\\\/\\\/centreabilio.ca\\\/en\\\/abilio-products\\\/pochette-danimation-du-volet-familial-fluppy\\\/#primaryimage\",\"url\":\"https:\\\/\\\/centreabilio.ca\\\/wp-content\\\/uploads\\\/2022\\\/07\\\/pochette-animation-volet-famille.png\",\"contentUrl\":\"https:\\\/\\\/centreabilio.ca\\\/wp-content\\\/uploads\\\/2022\\\/07\\\/pochette-animation-volet-famille.png\",\"width\":300,\"height\":300},{\"@type\":\"BreadcrumbList\",\"@id\":\"https:\\\/\\\/centreabilio.ca\\\/en\\\/abilio-products\\\/pochette-danimation-du-volet-familial-fluppy\\\/#breadcrumb\",\"itemListElement\":[{\"@type\":\"ListItem\",\"position\":1,\"name\":\"Accueil\",\"item\":\"https:\\\/\\\/centreabilio.ca\\\/en\\\/\"},{\"@type\":\"ListItem\",\"position\":2,\"name\":\"Abilio products\",\"item\":\"https:\\\/\\\/centreabilio.ca\\\/en\\\/abilio-products\\\/\"},{\"@type\":\"ListItem\",\"position\":3,\"name\":\"Family intervention kit &#8211; Fluppy &#8211; French only\"}]},{\"@type\":\"WebSite\",\"@id\":\"https:\\\/\\\/centreabilio.ca\\\/en\\\/#website\",\"url\":\"https:\\\/\\\/centreabilio.ca\\\/en\\\/\",\"name\":\"Abilio\",\"description\":\"Childhood Knowledge Dissemination Centre\",\"publisher\":{\"@id\":\"https:\\\/\\\/centreabilio.ca\\\/en\\\/#organization\"},\"potentialAction\":[{\"@type\":\"SearchAction\",\"target\":{\"@type\":\"EntryPoint\",\"urlTemplate\":\"https:\\\/\\\/centreabilio.ca\\\/en\\\/?s={search_term_string}\"},\"query-input\":{\"@type\":\"PropertyValueSpecification\",\"valueRequired\":true,\"valueName\":\"search_term_string\"}}],\"inLanguage\":\"en-US\"},{\"@type\":\"Organization\",\"@id\":\"https:\\\/\\\/centreabilio.ca\\\/en\\\/#organization\",\"name\":\"Abilio\",\"url\":\"https:\\\/\\\/centreabilio.ca\\\/en\\\/\",\"logo\":{\"@type\":\"ImageObject\",\"inLanguage\":\"en-US\",\"@id\":\"https:\\\/\\\/centreabilio.ca\\\/en\\\/#\\\/schema\\\/logo\\\/image\\\/\",\"url\":\"https:\\\/\\\/centreabilio.ca\\\/wp-content\\\/uploads\\\/2024\\\/02\\\/cropped-ABILIO_02_horizontal_RGB.png\",\"contentUrl\":\"https:\\\/\\\/centreabilio.ca\\\/wp-content\\\/uploads\\\/2024\\\/02\\\/cropped-ABILIO_02_horizontal_RGB.png\",\"width\":1981,\"height\":540,\"caption\":\"Abilio\"},\"image\":{\"@id\":\"https:\\\/\\\/centreabilio.ca\\\/en\\\/#\\\/schema\\\/logo\\\/image\\\/\"}}]}<\/script>\n<!-- \/ Yoast SEO plugin. -->","yoast_head_json":{"title":"Family intervention kit - Fluppy - French only - Abilio","robots":{"index":"index","follow":"follow","max-snippet":"max-snippet:-1","max-image-preview":"max-image-preview:large","max-video-preview":"max-video-preview:-1"},"canonical":"https:\/\/centreabilio.ca\/en\/abilio-products\/pochette-danimation-du-volet-familial-fluppy\/","og_locale":"en_US","og_type":"article","og_title":"Family intervention kit - Fluppy - French only - Abilio","og_description":"The Fluppy Family Intervention kit consists of the Preschool Family Intervention Program Application Guide, the Friends component of the program, as well as complementary materials to photocopy and manipulate. Intended for psychosocial counsellors working with the Fluppy program, this folder can be combined with the animation guide La R\u00e9solution des probl\u00e8mes \u00e0 la maison. This [&hellip;]","og_url":"https:\/\/centreabilio.ca\/en\/abilio-products\/pochette-danimation-du-volet-familial-fluppy\/","og_site_name":"Abilio","article_modified_time":"2024-07-01T02:05:10+00:00","og_image":[{"width":300,"height":300,"url":"https:\/\/centreabilio.ca\/wp-content\/uploads\/2022\/07\/pochette-animation-volet-famille.png","type":"image\/png"}],"twitter_card":"summary_large_image","twitter_misc":{"Est. reading time":"1 minute"},"schema":{"@context":"https:\/\/schema.org","@graph":[{"@type":"WebPage","@id":"https:\/\/centreabilio.ca\/en\/abilio-products\/pochette-danimation-du-volet-familial-fluppy\/","url":"https:\/\/centreabilio.ca\/en\/abilio-products\/pochette-danimation-du-volet-familial-fluppy\/","name":"Family intervention kit - Fluppy - French only - Abilio","isPartOf":{"@id":"https:\/\/centreabilio.ca\/en\/#website"},"primaryImageOfPage":{"@id":"https:\/\/centreabilio.ca\/en\/abilio-products\/pochette-danimation-du-volet-familial-fluppy\/#primaryimage"},"image":{"@id":"https:\/\/centreabilio.ca\/en\/abilio-products\/pochette-danimation-du-volet-familial-fluppy\/#primaryimage"},"thumbnailUrl":"https:\/\/centreabilio.ca\/wp-content\/uploads\/2022\/07\/pochette-animation-volet-famille.png","datePublished":"2022-07-12T14:30:20+00:00","dateModified":"2024-07-01T02:05:10+00:00","breadcrumb":{"@id":"https:\/\/centreabilio.ca\/en\/abilio-products\/pochette-danimation-du-volet-familial-fluppy\/#breadcrumb"},"inLanguage":"en-US","potentialAction":[{"@type":"ReadAction","target":["https:\/\/centreabilio.ca\/en\/abilio-products\/pochette-danimation-du-volet-familial-fluppy\/"]}]},{"@type":"ImageObject","inLanguage":"en-US","@id":"https:\/\/centreabilio.ca\/en\/abilio-products\/pochette-danimation-du-volet-familial-fluppy\/#primaryimage","url":"https:\/\/centreabilio.ca\/wp-content\/uploads\/2022\/07\/pochette-animation-volet-famille.png","contentUrl":"https:\/\/centreabilio.ca\/wp-content\/uploads\/2022\/07\/pochette-animation-volet-famille.png","width":300,"height":300},{"@type":"BreadcrumbList","@id":"https:\/\/centreabilio.ca\/en\/abilio-products\/pochette-danimation-du-volet-familial-fluppy\/#breadcrumb","itemListElement":[{"@type":"ListItem","position":1,"name":"Accueil","item":"https:\/\/centreabilio.ca\/en\/"},{"@type":"ListItem","position":2,"name":"Abilio products","item":"https:\/\/centreabilio.ca\/en\/abilio-products\/"},{"@type":"ListItem","position":3,"name":"Family intervention kit &#8211; Fluppy &#8211; French only"}]},{"@type":"WebSite","@id":"https:\/\/centreabilio.ca\/en\/#website","url":"https:\/\/centreabilio.ca\/en\/","name":"Abilio","description":"Childhood Knowledge Dissemination Centre","publisher":{"@id":"https:\/\/centreabilio.ca\/en\/#organization"},"potentialAction":[{"@type":"SearchAction","target":{"@type":"EntryPoint","urlTemplate":"https:\/\/centreabilio.ca\/en\/?s={search_term_string}"},"query-input":{"@type":"PropertyValueSpecification","valueRequired":true,"valueName":"search_term_string"}}],"inLanguage":"en-US"},{"@type":"Organization","@id":"https:\/\/centreabilio.ca\/en\/#organization","name":"Abilio","url":"https:\/\/centreabilio.ca\/en\/","logo":{"@type":"ImageObject","inLanguage":"en-US","@id":"https:\/\/centreabilio.ca\/en\/#\/schema\/logo\/image\/","url":"https:\/\/centreabilio.ca\/wp-content\/uploads\/2024\/02\/cropped-ABILIO_02_horizontal_RGB.png","contentUrl":"https:\/\/centreabilio.ca\/wp-content\/uploads\/2024\/02\/cropped-ABILIO_02_horizontal_RGB.png","width":1981,"height":540,"caption":"Abilio"},"image":{"@id":"https:\/\/centreabilio.ca\/en\/#\/schema\/logo\/image\/"}}]}},"_links":{"self":[{"href":"https:\/\/centreabilio.ca\/en\/wp-json\/wp\/v2\/product\/4356","targetHints":{"allow":["GET"]}}],"collection":[{"href":"https:\/\/centreabilio.ca\/en\/wp-json\/wp\/v2\/product"}],"about":[{"href":"https:\/\/centreabilio.ca\/en\/wp-json\/wp\/v2\/types\/product"}],"wp:featuredmedia":[{"embeddable":true,"href":"https:\/\/centreabilio.ca\/en\/wp-json\/wp\/v2\/media\/3201"}],"wp:attachment":[{"href":"https:\/\/centreabilio.ca\/en\/wp-json\/wp\/v2\/media?parent=4356"}],"wp:term":[{"taxonomy":"product_brand","embeddable":true,"href":"https:\/\/centreabilio.ca\/en\/wp-json\/wp\/v2\/product_brand?post=4356"},{"taxonomy":"product_cat","embeddable":true,"href":"https:\/\/centreabilio.ca\/en\/wp-json\/wp\/v2\/product_cat?post=4356"},{"taxonomy":"product_tag","embeddable":true,"href":"https:\/\/centreabilio.ca\/en\/wp-json\/wp\/v2\/product_tag?post=4356"}],"curies":[{"name":"wp","href":"https:\/\/api.w.org\/{rel}","templated":true}]}}