{"id":660,"date":"2022-07-14T09:26:10","date_gmt":"2022-07-14T13:26:10","guid":{"rendered":"http:\/\/staging.cpeq.net\/?post_type=product&#038;p=660"},"modified":"2022-12-30T23:01:33","modified_gmt":"2022-12-31T04:01:33","slug":"histoires-1-a-6-des-aventures-de-mimi-et-ses-amis","status":"publish","type":"product","link":"https:\/\/centreabilio.ca\/en\/abilio-products\/histoires-1-a-6-des-aventures-de-mimi-et-ses-amis\/","title":{"rendered":"Histoires 1 \u00e0 6 des Aventures de Mimi et ses Amis"},"content":{"rendered":"<p><span style=\"font-weight: 400;\">Histoires 1 \u00e0 6 des Aventures de Mimi et ses Amis (aussi incluses dans la trousse et l&#8217;ensemble de d\u00e9part des Aventures de Mimi et ses Amis).<\/span><\/p>\n<p><span style=\"font-weight: 400;\">Ce mat\u00e9riel est non reproductible.<\/span><\/p>\n<h3><b>La formation des Aventures de Mimi et ses Amis est obligatoire pour se procurer ce mat\u00e9riel.<\/b><\/h3>\n","protected":false},"excerpt":{"rendered":"<p>Histoires 1 \u00e0 6 des Aventures de Mimi et ses Amis (aussi incluses dans la trousse et l&#8217;ensemble de d\u00e9part des Aventures de Mimi et ses Amis). Ce mat\u00e9riel est non reproductible. La formation des Aventures de Mimi et ses Amis est obligatoire pour se procurer ce mat\u00e9riel.<\/p>\n","protected":false},"featured_media":571,"template":"","meta":{"_acf_changed":false},"product_brand":[],"product_cat":[19],"product_tag":[],"class_list":{"0":"post-660","1":"product","2":"type-product","3":"status-publish","4":"has-post-thumbnail","6":"product_cat-mimi-et-ses-amis","8":"first","9":"instock","10":"taxable","11":"shipping-taxable","12":"purchasable","13":"product-type-simple"},"acf":[],"yoast_head":"<!-- This site is optimized with the Yoast SEO plugin v27.5 - https:\/\/yoast.com\/product\/yoast-seo-wordpress\/ -->\n<title>Histoires 1 \u00e0 6 des Aventures de Mimi et ses Amis - Abilio<\/title>\n<meta name=\"robots\" content=\"index, follow, max-snippet:-1, max-image-preview:large, max-video-preview:-1\" \/>\n<link rel=\"canonical\" href=\"https:\/\/centreabilio.ca\/en\/abilio-products\/histoires-1-a-6-des-aventures-de-mimi-et-ses-amis\/\" \/>\n<meta property=\"og:locale\" content=\"en_US\" \/>\n<meta property=\"og:type\" content=\"article\" \/>\n<meta property=\"og:title\" content=\"Histoires 1 \u00e0 6 des Aventures de Mimi et ses Amis - Abilio\" \/>\n<meta property=\"og:description\" content=\"Histoires 1 \u00e0 6 des Aventures de Mimi et ses Amis (aussi incluses dans la trousse et l&#8217;ensemble de d\u00e9part des Aventures de Mimi et ses Amis). Ce mat\u00e9riel est non reproductible. La formation des Aventures de Mimi et ses Amis est obligatoire pour se procurer ce mat\u00e9riel.\" \/>\n<meta property=\"og:url\" content=\"https:\/\/centreabilio.ca\/en\/abilio-products\/histoires-1-a-6-des-aventures-de-mimi-et-ses-amis\/\" \/>\n<meta property=\"og:site_name\" content=\"Abilio\" \/>\n<meta property=\"article:modified_time\" content=\"2022-12-31T04:01:33+00:00\" \/>\n<meta property=\"og:image\" content=\"https:\/\/centreabilio.ca\/wp-content\/uploads\/2022\/07\/histoires-Mimi-1-6.png\" \/>\n\t<meta property=\"og:image:width\" content=\"300\" \/>\n\t<meta property=\"og:image:height\" content=\"300\" \/>\n\t<meta property=\"og:image:type\" content=\"image\/png\" \/>\n<meta name=\"twitter:card\" content=\"summary_large_image\" \/>\n<script type=\"application\/ld+json\" class=\"yoast-schema-graph\">{\"@context\":\"https:\\\/\\\/schema.org\",\"@graph\":[{\"@type\":\"WebPage\",\"@id\":\"https:\\\/\\\/centreabilio.ca\\\/en\\\/abilio-products\\\/histoires-1-a-6-des-aventures-de-mimi-et-ses-amis\\\/\",\"url\":\"https:\\\/\\\/centreabilio.ca\\\/en\\\/abilio-products\\\/histoires-1-a-6-des-aventures-de-mimi-et-ses-amis\\\/\",\"name\":\"Histoires 1 \u00e0 6 des Aventures de Mimi et ses Amis - Abilio\",\"isPartOf\":{\"@id\":\"https:\\\/\\\/centreabilio.ca\\\/en\\\/#website\"},\"primaryImageOfPage\":{\"@id\":\"https:\\\/\\\/centreabilio.ca\\\/en\\\/abilio-products\\\/histoires-1-a-6-des-aventures-de-mimi-et-ses-amis\\\/#primaryimage\"},\"image\":{\"@id\":\"https:\\\/\\\/centreabilio.ca\\\/en\\\/abilio-products\\\/histoires-1-a-6-des-aventures-de-mimi-et-ses-amis\\\/#primaryimage\"},\"thumbnailUrl\":\"https:\\\/\\\/centreabilio.ca\\\/wp-content\\\/uploads\\\/2022\\\/07\\\/histoires-Mimi-1-6.png\",\"datePublished\":\"2022-07-14T13:26:10+00:00\",\"dateModified\":\"2022-12-31T04:01:33+00:00\",\"breadcrumb\":{\"@id\":\"https:\\\/\\\/centreabilio.ca\\\/en\\\/abilio-products\\\/histoires-1-a-6-des-aventures-de-mimi-et-ses-amis\\\/#breadcrumb\"},\"inLanguage\":\"en-US\",\"potentialAction\":[{\"@type\":\"ReadAction\",\"target\":[\"https:\\\/\\\/centreabilio.ca\\\/en\\\/abilio-products\\\/histoires-1-a-6-des-aventures-de-mimi-et-ses-amis\\\/\"]}]},{\"@type\":\"ImageObject\",\"inLanguage\":\"en-US\",\"@id\":\"https:\\\/\\\/centreabilio.ca\\\/en\\\/abilio-products\\\/histoires-1-a-6-des-aventures-de-mimi-et-ses-amis\\\/#primaryimage\",\"url\":\"https:\\\/\\\/centreabilio.ca\\\/wp-content\\\/uploads\\\/2022\\\/07\\\/histoires-Mimi-1-6.png\",\"contentUrl\":\"https:\\\/\\\/centreabilio.ca\\\/wp-content\\\/uploads\\\/2022\\\/07\\\/histoires-Mimi-1-6.png\",\"width\":300,\"height\":300},{\"@type\":\"BreadcrumbList\",\"@id\":\"https:\\\/\\\/centreabilio.ca\\\/en\\\/abilio-products\\\/histoires-1-a-6-des-aventures-de-mimi-et-ses-amis\\\/#breadcrumb\",\"itemListElement\":[{\"@type\":\"ListItem\",\"position\":1,\"name\":\"Accueil\",\"item\":\"https:\\\/\\\/centreabilio.ca\\\/en\\\/\"},{\"@type\":\"ListItem\",\"position\":2,\"name\":\"Abilio products\",\"item\":\"https:\\\/\\\/centreabilio.ca\\\/en\\\/abilio-products\\\/\"},{\"@type\":\"ListItem\",\"position\":3,\"name\":\"Histoires 1 \u00e0 6 des Aventures de Mimi et ses Amis\"}]},{\"@type\":\"WebSite\",\"@id\":\"https:\\\/\\\/centreabilio.ca\\\/en\\\/#website\",\"url\":\"https:\\\/\\\/centreabilio.ca\\\/en\\\/\",\"name\":\"Abilio\",\"description\":\"Childhood Knowledge Dissemination Centre\",\"publisher\":{\"@id\":\"https:\\\/\\\/centreabilio.ca\\\/en\\\/#organization\"},\"potentialAction\":[{\"@type\":\"SearchAction\",\"target\":{\"@type\":\"EntryPoint\",\"urlTemplate\":\"https:\\\/\\\/centreabilio.ca\\\/en\\\/?s={search_term_string}\"},\"query-input\":{\"@type\":\"PropertyValueSpecification\",\"valueRequired\":true,\"valueName\":\"search_term_string\"}}],\"inLanguage\":\"en-US\"},{\"@type\":\"Organization\",\"@id\":\"https:\\\/\\\/centreabilio.ca\\\/en\\\/#organization\",\"name\":\"Abilio\",\"url\":\"https:\\\/\\\/centreabilio.ca\\\/en\\\/\",\"logo\":{\"@type\":\"ImageObject\",\"inLanguage\":\"en-US\",\"@id\":\"https:\\\/\\\/centreabilio.ca\\\/en\\\/#\\\/schema\\\/logo\\\/image\\\/\",\"url\":\"https:\\\/\\\/centreabilio.ca\\\/wp-content\\\/uploads\\\/2024\\\/02\\\/cropped-ABILIO_02_horizontal_RGB.png\",\"contentUrl\":\"https:\\\/\\\/centreabilio.ca\\\/wp-content\\\/uploads\\\/2024\\\/02\\\/cropped-ABILIO_02_horizontal_RGB.png\",\"width\":1981,\"height\":540,\"caption\":\"Abilio\"},\"image\":{\"@id\":\"https:\\\/\\\/centreabilio.ca\\\/en\\\/#\\\/schema\\\/logo\\\/image\\\/\"}}]}<\/script>\n<!-- \/ Yoast SEO plugin. -->","yoast_head_json":{"title":"Histoires 1 \u00e0 6 des Aventures de Mimi et ses Amis - Abilio","robots":{"index":"index","follow":"follow","max-snippet":"max-snippet:-1","max-image-preview":"max-image-preview:large","max-video-preview":"max-video-preview:-1"},"canonical":"https:\/\/centreabilio.ca\/en\/abilio-products\/histoires-1-a-6-des-aventures-de-mimi-et-ses-amis\/","og_locale":"en_US","og_type":"article","og_title":"Histoires 1 \u00e0 6 des Aventures de Mimi et ses Amis - Abilio","og_description":"Histoires 1 \u00e0 6 des Aventures de Mimi et ses Amis (aussi incluses dans la trousse et l&#8217;ensemble de d\u00e9part des Aventures de Mimi et ses Amis). Ce mat\u00e9riel est non reproductible. La formation des Aventures de Mimi et ses Amis est obligatoire pour se procurer ce mat\u00e9riel.","og_url":"https:\/\/centreabilio.ca\/en\/abilio-products\/histoires-1-a-6-des-aventures-de-mimi-et-ses-amis\/","og_site_name":"Abilio","article_modified_time":"2022-12-31T04:01:33+00:00","og_image":[{"width":300,"height":300,"url":"https:\/\/centreabilio.ca\/wp-content\/uploads\/2022\/07\/histoires-Mimi-1-6.png","type":"image\/png"}],"twitter_card":"summary_large_image","schema":{"@context":"https:\/\/schema.org","@graph":[{"@type":"WebPage","@id":"https:\/\/centreabilio.ca\/en\/abilio-products\/histoires-1-a-6-des-aventures-de-mimi-et-ses-amis\/","url":"https:\/\/centreabilio.ca\/en\/abilio-products\/histoires-1-a-6-des-aventures-de-mimi-et-ses-amis\/","name":"Histoires 1 \u00e0 6 des Aventures de Mimi et ses Amis - Abilio","isPartOf":{"@id":"https:\/\/centreabilio.ca\/en\/#website"},"primaryImageOfPage":{"@id":"https:\/\/centreabilio.ca\/en\/abilio-products\/histoires-1-a-6-des-aventures-de-mimi-et-ses-amis\/#primaryimage"},"image":{"@id":"https:\/\/centreabilio.ca\/en\/abilio-products\/histoires-1-a-6-des-aventures-de-mimi-et-ses-amis\/#primaryimage"},"thumbnailUrl":"https:\/\/centreabilio.ca\/wp-content\/uploads\/2022\/07\/histoires-Mimi-1-6.png","datePublished":"2022-07-14T13:26:10+00:00","dateModified":"2022-12-31T04:01:33+00:00","breadcrumb":{"@id":"https:\/\/centreabilio.ca\/en\/abilio-products\/histoires-1-a-6-des-aventures-de-mimi-et-ses-amis\/#breadcrumb"},"inLanguage":"en-US","potentialAction":[{"@type":"ReadAction","target":["https:\/\/centreabilio.ca\/en\/abilio-products\/histoires-1-a-6-des-aventures-de-mimi-et-ses-amis\/"]}]},{"@type":"ImageObject","inLanguage":"en-US","@id":"https:\/\/centreabilio.ca\/en\/abilio-products\/histoires-1-a-6-des-aventures-de-mimi-et-ses-amis\/#primaryimage","url":"https:\/\/centreabilio.ca\/wp-content\/uploads\/2022\/07\/histoires-Mimi-1-6.png","contentUrl":"https:\/\/centreabilio.ca\/wp-content\/uploads\/2022\/07\/histoires-Mimi-1-6.png","width":300,"height":300},{"@type":"BreadcrumbList","@id":"https:\/\/centreabilio.ca\/en\/abilio-products\/histoires-1-a-6-des-aventures-de-mimi-et-ses-amis\/#breadcrumb","itemListElement":[{"@type":"ListItem","position":1,"name":"Accueil","item":"https:\/\/centreabilio.ca\/en\/"},{"@type":"ListItem","position":2,"name":"Abilio products","item":"https:\/\/centreabilio.ca\/en\/abilio-products\/"},{"@type":"ListItem","position":3,"name":"Histoires 1 \u00e0 6 des Aventures de Mimi et ses Amis"}]},{"@type":"WebSite","@id":"https:\/\/centreabilio.ca\/en\/#website","url":"https:\/\/centreabilio.ca\/en\/","name":"Abilio","description":"Childhood Knowledge Dissemination Centre","publisher":{"@id":"https:\/\/centreabilio.ca\/en\/#organization"},"potentialAction":[{"@type":"SearchAction","target":{"@type":"EntryPoint","urlTemplate":"https:\/\/centreabilio.ca\/en\/?s={search_term_string}"},"query-input":{"@type":"PropertyValueSpecification","valueRequired":true,"valueName":"search_term_string"}}],"inLanguage":"en-US"},{"@type":"Organization","@id":"https:\/\/centreabilio.ca\/en\/#organization","name":"Abilio","url":"https:\/\/centreabilio.ca\/en\/","logo":{"@type":"ImageObject","inLanguage":"en-US","@id":"https:\/\/centreabilio.ca\/en\/#\/schema\/logo\/image\/","url":"https:\/\/centreabilio.ca\/wp-content\/uploads\/2024\/02\/cropped-ABILIO_02_horizontal_RGB.png","contentUrl":"https:\/\/centreabilio.ca\/wp-content\/uploads\/2024\/02\/cropped-ABILIO_02_horizontal_RGB.png","width":1981,"height":540,"caption":"Abilio"},"image":{"@id":"https:\/\/centreabilio.ca\/en\/#\/schema\/logo\/image\/"}}]}},"_links":{"self":[{"href":"https:\/\/centreabilio.ca\/en\/wp-json\/wp\/v2\/product\/660","targetHints":{"allow":["GET"]}}],"collection":[{"href":"https:\/\/centreabilio.ca\/en\/wp-json\/wp\/v2\/product"}],"about":[{"href":"https:\/\/centreabilio.ca\/en\/wp-json\/wp\/v2\/types\/product"}],"wp:featuredmedia":[{"embeddable":true,"href":"https:\/\/centreabilio.ca\/en\/wp-json\/wp\/v2\/media\/571"}],"wp:attachment":[{"href":"https:\/\/centreabilio.ca\/en\/wp-json\/wp\/v2\/media?parent=660"}],"wp:term":[{"taxonomy":"product_brand","embeddable":true,"href":"https:\/\/centreabilio.ca\/en\/wp-json\/wp\/v2\/product_brand?post=660"},{"taxonomy":"product_cat","embeddable":true,"href":"https:\/\/centreabilio.ca\/en\/wp-json\/wp\/v2\/product_cat?post=660"},{"taxonomy":"product_tag","embeddable":true,"href":"https:\/\/centreabilio.ca\/en\/wp-json\/wp\/v2\/product_tag?post=660"}],"curies":[{"name":"wp","href":"https:\/\/api.w.org\/{rel}","templated":true}]}}